{"id":88,"date":"2021-04-13T08:49:57","date_gmt":"2021-04-13T05:49:57","guid":{"rendered":"https:\/\/www.pioneergrup.ro\/magazin\/?post_type=product&#038;p=88"},"modified":"2025-08-05T11:23:15","modified_gmt":"2025-08-05T08:23:15","slug":"colagen-comestibil-f-case-o21mm-neutru-757-90ml-pe-cutie","status":"publish","type":"product","link":"https:\/\/www.pioneergrup.ro\/magazin\/produs\/colagen-comestibil-f-case-o21mm-neutru-757-90ml-pe-cutie\/","title":{"rendered":"COLAGEN COMESTIBIL F CASE \u00d821mm NEUTRU\/954 ML pe cutie"},"content":{"rendered":"<h3>Produc\u0103tor: F CASE POLONIA<\/h3>\n<ul>\n<li>Diametrul p\u00e2lniei de umplere &#8211; 12 mm<\/li>\n<li>Diametrul de umplere al membranei &#8211; 21 mm<\/li>\n<li>Consum &#8211; 3.5 ml membran\u0103 \/ 1 kg produs crud, consumul este estimativ<\/li>\n<li>Compozi\u021bie &#8211; colagen, ap\u0103, glicerin\u0103, celuloz\u0103, ulei vegetal<\/li>\n<li>Termen de valabilitate &#8211; 12 luni<\/li>\n<\/ul>\n","protected":false},"excerpt":{"rendered":"<p>Produc\u0103tor: F CASE POLONIA Diametrul p\u00e2lniei de umplere &#8211; 12 mm Diametrul de umplere al membranei &#8211; 21 mm Consum &#8211; 3.5 ml membran\u0103 \/ 1 kg produs crud, consumul este estimativ Compozi\u021bie &#8211; colagen, ap\u0103, glicerin\u0103, celuloz\u0103, ulei vegetal Termen de valabilitate &#8211; 12 luni<\/p>\n","protected":false},"featured_media":880,"template":"","meta":[],"product_brand":[],"product_cat":[18],"product_tag":[22,27,26],"class_list":{"0":"post-88","1":"product","2":"type-product","3":"status-publish","4":"has-post-thumbnail","6":"product_cat-membrane-colagenice-carnati-gata-de-utilizare","7":"product_tag-gata-de-utilizare","8":"product_tag-membrane-carnati","9":"product_tag-membrane-colagenice-carnati","11":"first","12":"instock","13":"featured","14":"shipping-taxable","15":"purchasable","16":"product-type-simple"},"_links":{"self":[{"href":"https:\/\/www.pioneergrup.ro\/magazin\/wp-json\/wp\/v2\/product\/88","targetHints":{"allow":["GET"]}}],"collection":[{"href":"https:\/\/www.pioneergrup.ro\/magazin\/wp-json\/wp\/v2\/product"}],"about":[{"href":"https:\/\/www.pioneergrup.ro\/magazin\/wp-json\/wp\/v2\/types\/product"}],"wp:featuredmedia":[{"embeddable":true,"href":"https:\/\/www.pioneergrup.ro\/magazin\/wp-json\/wp\/v2\/media\/880"}],"wp:attachment":[{"href":"https:\/\/www.pioneergrup.ro\/magazin\/wp-json\/wp\/v2\/media?parent=88"}],"wp:term":[{"taxonomy":"product_brand","embeddable":true,"href":"https:\/\/www.pioneergrup.ro\/magazin\/wp-json\/wp\/v2\/product_brand?post=88"},{"taxonomy":"product_cat","embeddable":true,"href":"https:\/\/www.pioneergrup.ro\/magazin\/wp-json\/wp\/v2\/product_cat?post=88"},{"taxonomy":"product_tag","embeddable":true,"href":"https:\/\/www.pioneergrup.ro\/magazin\/wp-json\/wp\/v2\/product_tag?post=88"}],"curies":[{"name":"wp","href":"https:\/\/api.w.org\/{rel}","templated":true}]}}