{"id":307,"date":"2021-04-13T13:56:59","date_gmt":"2021-04-13T10:56:59","guid":{"rendered":"https:\/\/www.pioneergrup.ro\/magazin\/?post_type=product&#038;p=307"},"modified":"2025-08-05T10:54:03","modified_gmt":"2025-08-05T07:54:03","slug":"baza-condiment-sarare-uscata-doza","status":"publish","type":"product","link":"https:\/\/www.pioneergrup.ro\/magazin\/produs\/baza-condiment-sarare-uscata-doza\/","title":{"rendered":"BAZ\u0102 condiment S\u0102RARE USCAT\u0102 &#8211; 300g pe pung\u0103"},"content":{"rendered":"<h3>Produc\u0103tor: STIA &#8211; Rom\u00e2nia<\/h3>\n<ul>\n<li>Doza: 300 g \/ 10.0 kg carne refrigerat\u0103<\/li>\n<li>Ingrediente: condimente naturale, uleiuri esen\u021biale (piper, usturoi, boia, mu\u0219tar, nucu\u0219oar\u0103, cimbru, busuioc) ardei fulgi, zah\u0103r, extract de drojdie, arome.<\/li>\n<li><strong>Nu con\u021bine sare, nu con\u021bine E-uri.<\/strong><\/li>\n<li>Termen de valabilitate: 12 luni \u00een ambalaj original.<\/li>\n<li>A se utiliza \u00een maxim 30 zile de la deschidere.<\/li>\n<li>Amestec condiment specific pentru Specialit\u0103\u021bi.<\/li>\n<li>Ambalat \u00een pung\u0103 resigilabil\u0103.<\/li>\n<\/ul>\n","protected":false},"excerpt":{"rendered":"<p>Produc\u0103tor: STIA &#8211; Rom\u00e2nia Doza: 300 g \/ 10.0 kg carne refrigerat\u0103 Ingrediente: condimente naturale, uleiuri esen\u021biale (piper, usturoi, boia, mu\u0219tar, nucu\u0219oar\u0103, cimbru, busuioc) ardei fulgi, zah\u0103r, extract de drojdie, arome. Nu con\u021bine sare, nu con\u021bine E-uri. Termen de valabilitate: 12 luni \u00een ambalaj original. A se utiliza \u00een maxim 30 zile de la deschidere. [&#8230;]\n","protected":false},"featured_media":897,"template":"","meta":[],"product_brand":[],"product_cat":[30],"product_tag":[31,38],"class_list":{"0":"post-307","1":"product","2":"type-product","3":"status-publish","4":"has-post-thumbnail","6":"product_cat-amestecuri-de-condimente","7":"product_tag-amestecuri-de-condimente","8":"product_tag-condimente-sarare","10":"first","11":"instock","12":"shipping-taxable","13":"purchasable","14":"product-type-simple"},"_links":{"self":[{"href":"https:\/\/www.pioneergrup.ro\/magazin\/wp-json\/wp\/v2\/product\/307","targetHints":{"allow":["GET"]}}],"collection":[{"href":"https:\/\/www.pioneergrup.ro\/magazin\/wp-json\/wp\/v2\/product"}],"about":[{"href":"https:\/\/www.pioneergrup.ro\/magazin\/wp-json\/wp\/v2\/types\/product"}],"wp:featuredmedia":[{"embeddable":true,"href":"https:\/\/www.pioneergrup.ro\/magazin\/wp-json\/wp\/v2\/media\/897"}],"wp:attachment":[{"href":"https:\/\/www.pioneergrup.ro\/magazin\/wp-json\/wp\/v2\/media?parent=307"}],"wp:term":[{"taxonomy":"product_brand","embeddable":true,"href":"https:\/\/www.pioneergrup.ro\/magazin\/wp-json\/wp\/v2\/product_brand?post=307"},{"taxonomy":"product_cat","embeddable":true,"href":"https:\/\/www.pioneergrup.ro\/magazin\/wp-json\/wp\/v2\/product_cat?post=307"},{"taxonomy":"product_tag","embeddable":true,"href":"https:\/\/www.pioneergrup.ro\/magazin\/wp-json\/wp\/v2\/product_tag?post=307"}],"curies":[{"name":"wp","href":"https:\/\/api.w.org\/{rel}","templated":true}]}}