{"id":287,"date":"2021-04-13T12:59:25","date_gmt":"2021-04-13T09:59:25","guid":{"rendered":"https:\/\/www.pioneergrup.ro\/magazin\/?post_type=product&#038;p=287"},"modified":"2025-08-05T10:51:32","modified_gmt":"2025-08-05T07:51:32","slug":"baza-condiment-carnati-proaspeti-120g-pe-punga","status":"publish","type":"product","link":"https:\/\/www.pioneergrup.ro\/magazin\/produs\/baza-condiment-carnati-proaspeti-120g-pe-punga\/","title":{"rendered":"BAZ\u0102 condiment C\u00c2RNA\u021aI PROASPE\u021aI &#8211; 120g pe pung\u0103"},"content":{"rendered":"<h3>Produc\u0103tor: STIA &#8211; Rom\u00e2nia<\/h3>\n<ul>\n<li>Doza: 120 g \/ 10.0 kg past\u0103<\/li>\n<li>Ingrediente: condimente naturale, uleiuri esen\u021biale (piper, boia, usturoi, m\u0103rar), extracte naturale (nucu\u0219oar\u0103, cardamon, ginger, piper, usturoi, fenugreek) pe suport de fibre vegetale \u0219i zaharuri, hidrolizat de drojdie.<\/li>\n<li><strong>Nu con\u021bine sare, nu con\u021bine E-uri.<\/strong><\/li>\n<li>Termen de valabilitate: 12 luni \u00een ambalaj original.<\/li>\n<li>A se utiliza \u00een maxim 30 zile de la deschidere.<\/li>\n<li>Amestec condiment specific pentru C\u00e2rna\u021bi Proaspe\u021bi.<\/li>\n<li>Ambalat \u00een pung\u0103 resigilabil\u0103.<\/li>\n<\/ul>\n","protected":false},"excerpt":{"rendered":"<p>Produc\u0103tor: STIA &#8211; Rom\u00e2nia Doza: 120 g \/ 10.0 kg past\u0103 Ingrediente: condimente naturale, uleiuri esen\u021biale (piper, boia, usturoi, m\u0103rar), extracte naturale (nucu\u0219oar\u0103, cardamon, ginger, piper, usturoi, fenugreek) pe suport de fibre vegetale \u0219i zaharuri, hidrolizat de drojdie. Nu con\u021bine sare, nu con\u021bine E-uri. Termen de valabilitate: 12 luni \u00een ambalaj original. A se utiliza [&#8230;]\n","protected":false},"featured_media":894,"template":"","meta":[],"product_brand":[],"product_cat":[30],"product_tag":[31,33,35],"class_list":{"0":"post-287","1":"product","2":"type-product","3":"status-publish","4":"has-post-thumbnail","6":"product_cat-amestecuri-de-condimente","7":"product_tag-amestecuri-de-condimente","8":"product_tag-condimente-carnati","9":"product_tag-condimente-carnati-proaspeti","11":"first","12":"instock","13":"shipping-taxable","14":"purchasable","15":"product-type-simple"},"_links":{"self":[{"href":"https:\/\/www.pioneergrup.ro\/magazin\/wp-json\/wp\/v2\/product\/287","targetHints":{"allow":["GET"]}}],"collection":[{"href":"https:\/\/www.pioneergrup.ro\/magazin\/wp-json\/wp\/v2\/product"}],"about":[{"href":"https:\/\/www.pioneergrup.ro\/magazin\/wp-json\/wp\/v2\/types\/product"}],"wp:featuredmedia":[{"embeddable":true,"href":"https:\/\/www.pioneergrup.ro\/magazin\/wp-json\/wp\/v2\/media\/894"}],"wp:attachment":[{"href":"https:\/\/www.pioneergrup.ro\/magazin\/wp-json\/wp\/v2\/media?parent=287"}],"wp:term":[{"taxonomy":"product_brand","embeddable":true,"href":"https:\/\/www.pioneergrup.ro\/magazin\/wp-json\/wp\/v2\/product_brand?post=287"},{"taxonomy":"product_cat","embeddable":true,"href":"https:\/\/www.pioneergrup.ro\/magazin\/wp-json\/wp\/v2\/product_cat?post=287"},{"taxonomy":"product_tag","embeddable":true,"href":"https:\/\/www.pioneergrup.ro\/magazin\/wp-json\/wp\/v2\/product_tag?post=287"}],"curies":[{"name":"wp","href":"https:\/\/api.w.org\/{rel}","templated":true}]}}