{"id":2786,"date":"2024-01-19T16:04:49","date_gmt":"2024-01-19T14:04:49","guid":{"rendered":"https:\/\/www.pioneergrup.ro\/magazin\/?post_type=product&#038;p=2786"},"modified":"2024-01-19T16:04:49","modified_gmt":"2024-01-19T14:04:49","slug":"ruleta-masurare-calibru","status":"publish","type":"product","link":"https:\/\/www.pioneergrup.ro\/magazin\/produs\/ruleta-masurare-calibru\/","title":{"rendered":"RULET\u0102 M\u0102SURARE CALIBRU"},"content":{"rendered":"<p>Utilizat\u0103\u00a0 la determinarea calibrului de umplere pentru produsele realizate \u00een membrane.<\/p>\n<ul>\n<li>Fr\u00e2nare \u0219i autoblocare: ruleta se blocheaz\u0103 automat \u00een locul unde banda este scoas\u0103.<\/li>\n<li>Carcas\u0103 rezistent\u0103 la impact supraturnat\u0103 pentru mai mult confort \u0219i durabilitate \u00een condi\u021bii industriale.<\/li>\n<li>Design compact \u0219i dimensiune confortabil\u0103.<\/li>\n<li>Unitate de m\u0103sur\u0103: mm<\/li>\n<li>Valori m\u0103surate: lungime\/diametru<\/li>\n<li>Interval de m\u0103surare: lungimi (0-150mm)\/ diametru (0-48\u00d8)<\/li>\n<\/ul>\n","protected":false},"excerpt":{"rendered":"<p>Utilizat\u0103\u00a0 la determinarea calibrului de umplere pentru produsele realizate \u00een membrane. Fr\u00e2nare \u0219i autoblocare: ruleta se blocheaz\u0103 automat \u00een locul unde banda este scoas\u0103. Carcas\u0103 rezistent\u0103 la impact supraturnat\u0103 pentru mai mult confort \u0219i durabilitate \u00een condi\u021bii industriale. Design compact \u0219i dimensiune confortabil\u0103. Unitate de m\u0103sur\u0103: mm Valori m\u0103surate: lungime\/diametru Interval de m\u0103surare: lungimi (0-150mm)\/ [&#8230;]\n","protected":false},"featured_media":2787,"template":"","meta":[],"product_brand":[],"product_cat":[51],"product_tag":[],"class_list":{"0":"post-2786","1":"product","2":"type-product","3":"status-publish","4":"has-post-thumbnail","6":"product_cat-cutite-profesionale","8":"first","9":"instock","10":"shipping-taxable","11":"purchasable","12":"product-type-simple"},"_links":{"self":[{"href":"https:\/\/www.pioneergrup.ro\/magazin\/wp-json\/wp\/v2\/product\/2786","targetHints":{"allow":["GET"]}}],"collection":[{"href":"https:\/\/www.pioneergrup.ro\/magazin\/wp-json\/wp\/v2\/product"}],"about":[{"href":"https:\/\/www.pioneergrup.ro\/magazin\/wp-json\/wp\/v2\/types\/product"}],"wp:featuredmedia":[{"embeddable":true,"href":"https:\/\/www.pioneergrup.ro\/magazin\/wp-json\/wp\/v2\/media\/2787"}],"wp:attachment":[{"href":"https:\/\/www.pioneergrup.ro\/magazin\/wp-json\/wp\/v2\/media?parent=2786"}],"wp:term":[{"taxonomy":"product_brand","embeddable":true,"href":"https:\/\/www.pioneergrup.ro\/magazin\/wp-json\/wp\/v2\/product_brand?post=2786"},{"taxonomy":"product_cat","embeddable":true,"href":"https:\/\/www.pioneergrup.ro\/magazin\/wp-json\/wp\/v2\/product_cat?post=2786"},{"taxonomy":"product_tag","embeddable":true,"href":"https:\/\/www.pioneergrup.ro\/magazin\/wp-json\/wp\/v2\/product_tag?post=2786"}],"curies":[{"name":"wp","href":"https:\/\/api.w.org\/{rel}","templated":true}]}}