{"id":2258,"date":"2023-02-01T14:36:16","date_gmt":"2023-02-01T12:36:16","guid":{"rendered":"https:\/\/www.pioneergrup.ro\/magazin\/?post_type=product&#038;p=2258"},"modified":"2023-02-01T14:56:52","modified_gmt":"2023-02-01T12:56:52","slug":"baza-condiment-mici-180g-pe-punga","status":"publish","type":"product","link":"https:\/\/www.pioneergrup.ro\/magazin\/produs\/baza-condiment-mici-180g-pe-punga\/","title":{"rendered":"BAZ\u0102 condiment MICI &#8211; 180g pe pung\u0103"},"content":{"rendered":"<h3>Produc\u0103tor: STIA &#8211; Rom\u00e2nia<\/h3>\n<ul>\n<li>Doza: 180 g \/ 10.0 kg past\u0103<\/li>\n<li>Ingrediente: condimente naturale, uleiuri esen\u021biale (piper, usturoi, boia, cimbru, capsicum) hidrolizat de drojdie,bicarbonat de soia.<\/li>\n<li><strong>Nu con\u021bine sare, nu con\u021bine E-uri.<\/strong><\/li>\n<li>Termen de valabilitate: 12 luni \u00een ambalaj original.<\/li>\n<li>A se utiliza \u00een maxim 30 zile de la deschidere.<\/li>\n<li>Amestec condiment specific pentru Mici.<\/li>\n<li>Ambalat \u00een pung\u0103 resigilabil\u0103.<\/li>\n<\/ul>\n","protected":false},"excerpt":{"rendered":"<p>Produc\u0103tor: STIA &#8211; Rom\u00e2nia Doza: 180 g \/ 10.0 kg past\u0103 Ingrediente: condimente naturale, uleiuri esen\u021biale (piper, usturoi, boia, cimbru, capsicum) hidrolizat de drojdie,bicarbonat de soia. Nu con\u021bine sare, nu con\u021bine E-uri. Termen de valabilitate: 12 luni \u00een ambalaj original. A se utiliza \u00een maxim 30 zile de la deschidere. Amestec condiment specific pentru Mici. [&#8230;]\n","protected":false},"featured_media":895,"template":"","meta":[],"product_brand":[],"product_cat":[30],"product_tag":[31,32],"class_list":{"0":"post-2258","1":"product","2":"type-product","3":"status-publish","4":"has-post-thumbnail","6":"product_cat-amestecuri-de-condimente","7":"product_tag-amestecuri-de-condimente","8":"product_tag-condimente-salam","10":"first","11":"instock","12":"shipping-taxable","13":"purchasable","14":"product-type-simple"},"_links":{"self":[{"href":"https:\/\/www.pioneergrup.ro\/magazin\/wp-json\/wp\/v2\/product\/2258","targetHints":{"allow":["GET"]}}],"collection":[{"href":"https:\/\/www.pioneergrup.ro\/magazin\/wp-json\/wp\/v2\/product"}],"about":[{"href":"https:\/\/www.pioneergrup.ro\/magazin\/wp-json\/wp\/v2\/types\/product"}],"wp:featuredmedia":[{"embeddable":true,"href":"https:\/\/www.pioneergrup.ro\/magazin\/wp-json\/wp\/v2\/media\/895"}],"wp:attachment":[{"href":"https:\/\/www.pioneergrup.ro\/magazin\/wp-json\/wp\/v2\/media?parent=2258"}],"wp:term":[{"taxonomy":"product_brand","embeddable":true,"href":"https:\/\/www.pioneergrup.ro\/magazin\/wp-json\/wp\/v2\/product_brand?post=2258"},{"taxonomy":"product_cat","embeddable":true,"href":"https:\/\/www.pioneergrup.ro\/magazin\/wp-json\/wp\/v2\/product_cat?post=2258"},{"taxonomy":"product_tag","embeddable":true,"href":"https:\/\/www.pioneergrup.ro\/magazin\/wp-json\/wp\/v2\/product_tag?post=2258"}],"curies":[{"name":"wp","href":"https:\/\/api.w.org\/{rel}","templated":true}]}}