{"id":211,"date":"2021-04-13T12:45:34","date_gmt":"2021-04-13T09:45:34","guid":{"rendered":"https:\/\/www.pioneergrup.ro\/magazin\/?post_type=product&#038;p=211"},"modified":"2025-08-05T11:18:45","modified_gmt":"2025-08-05T08:18:45","slug":"membrana-poliamidica-visflex-o82mm-transparent-10ml-pe-pachet","status":"publish","type":"product","link":"https:\/\/www.pioneergrup.ro\/magazin\/produs\/membrana-poliamidica-visflex-o82mm-transparent-10ml-pe-pachet\/","title":{"rendered":"MEMBRAN\u0102 POLIAMIDIC\u0102 VISFLEX \u00d882mm TRANSPARENT\/10ML pe pachet"},"content":{"rendered":"<h3>Produc\u0103tor: VISKASE &#8211; POLONIA<\/h3>\n<ul>\n<li>Diametrul p\u00e2lniei de umplere &#8211; 60 mm<\/li>\n<li>Diametrul de umplere al membranei &#8211; 82 mm<\/li>\n<li>Consum &#8211; 0.25 ml membran\u0103 \/ 1 kg produs crud, consumul este estimativ<\/li>\n<li>Compozi\u021bie &#8211; poliamid\u0103, polietilin\u0103<\/li>\n<li>Termen de valabilitate &#8211; 12 luni<\/li>\n<\/ul>\n","protected":false},"excerpt":{"rendered":"<p>Produc\u0103tor: VISKASE &#8211; POLONIA Diametrul p\u00e2lniei de umplere &#8211; 60 mm Diametrul de umplere al membranei &#8211; 82 mm Consum &#8211; 0.25 ml membran\u0103 \/ 1 kg produs crud, consumul este estimativ Compozi\u021bie &#8211; poliamid\u0103, polietilin\u0103 Termen de valabilitate &#8211; 12 luni<\/p>\n","protected":false},"featured_media":890,"template":"","meta":[],"product_brand":[],"product_cat":[23],"product_tag":[25,24],"class_list":{"0":"post-211","1":"product","2":"type-product","3":"status-publish","4":"has-post-thumbnail","6":"product_cat-membrane-produse-fierte-sau-congelate","7":"product_tag-membrane-produse-congelate","8":"product_tag-membrane-produse-fierte","10":"first","11":"instock","12":"featured","13":"shipping-taxable","14":"purchasable","15":"product-type-simple"},"_links":{"self":[{"href":"https:\/\/www.pioneergrup.ro\/magazin\/wp-json\/wp\/v2\/product\/211","targetHints":{"allow":["GET"]}}],"collection":[{"href":"https:\/\/www.pioneergrup.ro\/magazin\/wp-json\/wp\/v2\/product"}],"about":[{"href":"https:\/\/www.pioneergrup.ro\/magazin\/wp-json\/wp\/v2\/types\/product"}],"wp:featuredmedia":[{"embeddable":true,"href":"https:\/\/www.pioneergrup.ro\/magazin\/wp-json\/wp\/v2\/media\/890"}],"wp:attachment":[{"href":"https:\/\/www.pioneergrup.ro\/magazin\/wp-json\/wp\/v2\/media?parent=211"}],"wp:term":[{"taxonomy":"product_brand","embeddable":true,"href":"https:\/\/www.pioneergrup.ro\/magazin\/wp-json\/wp\/v2\/product_brand?post=211"},{"taxonomy":"product_cat","embeddable":true,"href":"https:\/\/www.pioneergrup.ro\/magazin\/wp-json\/wp\/v2\/product_cat?post=211"},{"taxonomy":"product_tag","embeddable":true,"href":"https:\/\/www.pioneergrup.ro\/magazin\/wp-json\/wp\/v2\/product_tag?post=211"}],"curies":[{"name":"wp","href":"https:\/\/api.w.org\/{rel}","templated":true}]}}