{"id":2098,"date":"2022-12-15T13:11:16","date_gmt":"2022-12-15T11:11:16","guid":{"rendered":"https:\/\/www.pioneergrup.ro\/magazin\/?post_type=product&#038;p=2098"},"modified":"2022-12-19T12:02:06","modified_gmt":"2022-12-19T10:02:06","slug":"masat-ascutire-14-35-5cm-negru","status":"publish","type":"product","link":"https:\/\/www.pioneergrup.ro\/magazin\/produs\/masat-ascutire-14-35-5cm-negru\/","title":{"rendered":"MASAT ASCUTIRE 14&#8243; (35.5CM) NEGRU"},"content":{"rendered":"<p><strong>Lungime lam\u0103:<\/strong> 35.5 cm<\/p>\n<ul>\n<li><strong>Masat cu lam\u0103 oval\u0103,<\/strong> profesional al producatorului <strong>NICUL<\/strong>-Portugalia, cu miez de o\u021bel \u0219i strat exterior cromat, prezint\u0103 duritate 65 HRC.<\/li>\n<li>M\u00e2nerul din \u00a0material plastic\u00a0 are o aderen\u021b\u0103 ridicat\u0103. La cap\u0103tul m\u00e2nerului inelul de inox faciliteaz\u0103 ag\u0103\u021barea. Cap\u0103tul dinspre lam\u0103 al m\u00e2nerului prezint\u0103 protec\u021bii.<\/li>\n<li>Se recomand\u0103 pentru finisarea \u0219i \u0219lefuirea t\u0103i\u0219ului cu\u021bitelor de m\u0103cel\u0103rie.<\/li>\n<\/ul>\n","protected":false},"excerpt":{"rendered":"<p>Lungime lam\u0103: 35.5 cm Masat cu lam\u0103 oval\u0103, profesional al producatorului NICUL-Portugalia, cu miez de o\u021bel \u0219i strat exterior cromat, prezint\u0103 duritate 65 HRC. M\u00e2nerul din \u00a0material plastic\u00a0 are o aderen\u021b\u0103 ridicat\u0103. La cap\u0103tul m\u00e2nerului inelul de inox faciliteaz\u0103 ag\u0103\u021barea. Cap\u0103tul dinspre lam\u0103 al m\u00e2nerului prezint\u0103 protec\u021bii. Se recomand\u0103 pentru finisarea \u0219i \u0219lefuirea t\u0103i\u0219ului cu\u021bitelor [&#8230;]\n","protected":false},"featured_media":2129,"template":"","meta":[],"product_brand":[],"product_cat":[51],"product_tag":[66],"class_list":{"0":"post-2098","1":"product","2":"type-product","3":"status-publish","4":"has-post-thumbnail","6":"product_cat-cutite-profesionale","7":"product_tag-5810-1014-3513","9":"first","10":"instock","11":"shipping-taxable","12":"purchasable","13":"product-type-simple"},"_links":{"self":[{"href":"https:\/\/www.pioneergrup.ro\/magazin\/wp-json\/wp\/v2\/product\/2098","targetHints":{"allow":["GET"]}}],"collection":[{"href":"https:\/\/www.pioneergrup.ro\/magazin\/wp-json\/wp\/v2\/product"}],"about":[{"href":"https:\/\/www.pioneergrup.ro\/magazin\/wp-json\/wp\/v2\/types\/product"}],"wp:featuredmedia":[{"embeddable":true,"href":"https:\/\/www.pioneergrup.ro\/magazin\/wp-json\/wp\/v2\/media\/2129"}],"wp:attachment":[{"href":"https:\/\/www.pioneergrup.ro\/magazin\/wp-json\/wp\/v2\/media?parent=2098"}],"wp:term":[{"taxonomy":"product_brand","embeddable":true,"href":"https:\/\/www.pioneergrup.ro\/magazin\/wp-json\/wp\/v2\/product_brand?post=2098"},{"taxonomy":"product_cat","embeddable":true,"href":"https:\/\/www.pioneergrup.ro\/magazin\/wp-json\/wp\/v2\/product_cat?post=2098"},{"taxonomy":"product_tag","embeddable":true,"href":"https:\/\/www.pioneergrup.ro\/magazin\/wp-json\/wp\/v2\/product_tag?post=2098"}],"curies":[{"name":"wp","href":"https:\/\/api.w.org\/{rel}","templated":true}]}}