{"id":2086,"date":"2022-12-14T16:36:33","date_gmt":"2022-12-14T14:36:33","guid":{"rendered":"https:\/\/www.pioneergrup.ro\/magazin\/?post_type=product&#038;p=2086"},"modified":"2024-11-28T13:47:46","modified_gmt":"2024-11-28T11:47:46","slug":"cutit-dezosat-negru-15cm-2mm","status":"publish","type":"product","link":"https:\/\/www.pioneergrup.ro\/magazin\/produs\/cutit-dezosat-negru-15cm-2mm\/","title":{"rendered":"CUTIT DEZOSAT NEGRU 15CM, 2MM"},"content":{"rendered":"<p><strong>Lungime lam\u0103:<\/strong> 15 cm<\/p>\n<p><strong>Grosime lam\u0103: <\/strong>0.20 cm<\/p>\n<ul>\n<li><strong>Cu\u021bit dezosare<\/strong>, cu lam\u0103 flexibila de 15 cm, curbat\u0103. Realizat pentru m\u0103celari \u0219i buc\u0103tari, are o duritate 55-58 Rockwell. Fabricat \u00een Portugalia cu o\u021bel exclusiv personalizat, pentru o calitate superioar\u0103.<\/li>\n<li>Are <strong>rezisten\u021b\u0103 mare<\/strong> la uzur\u0103 garantat\u0103 de produc\u0103tor.<\/li>\n<li><strong>M\u00e2nerul ergonomic<\/strong> este conceput pentru a asigura igiena \u00een timpul utiliz\u0103rii, cu textur\u0103 anti-alunecare \u00a0Recomandat a fi cur\u0103\u021bat at\u00e2t manual c\u00e2t \u0219i la masina de sp\u0103lat.<\/li>\n<\/ul>\n","protected":false},"excerpt":{"rendered":"<p>Lungime lam\u0103: 15 cm Grosime lam\u0103: 0.20 cm Cu\u021bit dezosare, cu lam\u0103 flexibila de 15 cm, curbat\u0103. Realizat pentru m\u0103celari \u0219i buc\u0103tari, are o duritate 55-58 Rockwell. Fabricat \u00een Portugalia cu o\u021bel exclusiv personalizat, pentru o calitate superioar\u0103. Are rezisten\u021b\u0103 mare la uzur\u0103 garantat\u0103 de produc\u0103tor. M\u00e2nerul ergonomic este conceput pentru a asigura igiena \u00een [&#8230;]\n","protected":false},"featured_media":2131,"template":"","meta":[],"product_brand":[],"product_cat":[51],"product_tag":[57],"class_list":{"0":"post-2086","1":"product","2":"type-product","3":"status-publish","4":"has-post-thumbnail","6":"product_cat-cutite-profesionale","7":"product_tag-7810-3109-1520","9":"first","10":"outofstock","11":"shipping-taxable","12":"purchasable","13":"product-type-simple"},"_links":{"self":[{"href":"https:\/\/www.pioneergrup.ro\/magazin\/wp-json\/wp\/v2\/product\/2086","targetHints":{"allow":["GET"]}}],"collection":[{"href":"https:\/\/www.pioneergrup.ro\/magazin\/wp-json\/wp\/v2\/product"}],"about":[{"href":"https:\/\/www.pioneergrup.ro\/magazin\/wp-json\/wp\/v2\/types\/product"}],"wp:featuredmedia":[{"embeddable":true,"href":"https:\/\/www.pioneergrup.ro\/magazin\/wp-json\/wp\/v2\/media\/2131"}],"wp:attachment":[{"href":"https:\/\/www.pioneergrup.ro\/magazin\/wp-json\/wp\/v2\/media?parent=2086"}],"wp:term":[{"taxonomy":"product_brand","embeddable":true,"href":"https:\/\/www.pioneergrup.ro\/magazin\/wp-json\/wp\/v2\/product_brand?post=2086"},{"taxonomy":"product_cat","embeddable":true,"href":"https:\/\/www.pioneergrup.ro\/magazin\/wp-json\/wp\/v2\/product_cat?post=2086"},{"taxonomy":"product_tag","embeddable":true,"href":"https:\/\/www.pioneergrup.ro\/magazin\/wp-json\/wp\/v2\/product_tag?post=2086"}],"curies":[{"name":"wp","href":"https:\/\/api.w.org\/{rel}","templated":true}]}}