{"id":200,"date":"2021-04-13T11:33:11","date_gmt":"2021-04-13T08:33:11","guid":{"rendered":"https:\/\/www.pioneergrup.ro\/magazin\/?post_type=product&#038;p=200"},"modified":"2025-08-05T11:15:55","modified_gmt":"2025-08-05T08:15:55","slug":"membrana-celulozica-fibrous-o47mm-neutru-10ml-pe-pachet","status":"publish","type":"product","link":"https:\/\/www.pioneergrup.ro\/magazin\/produs\/membrana-celulozica-fibrous-o47mm-neutru-10ml-pe-pachet\/","title":{"rendered":"MEMBRAN\u0102 CELULOZIC\u0102 FIBROUS \u00d847mm NEUTRU\/10ML pe pachet"},"content":{"rendered":"<h3>Produc\u0103tor: VISKASE- FRANTA<\/h3>\n<ul>\n<li>Diametrul p\u00e2lniei de umplere &#8211; 30 mm<\/li>\n<li>Diametrul de umplere al membranei &#8211; 47mm<\/li>\n<li>Consum &#8211; 0.5 ml membran\u0103 \/ 1 kg produs crud, consumul este estimativ<\/li>\n<li>Compozi\u021bie &#8211; celuloz\u0103, glicerin\u0103, ap\u0103<\/li>\n<li>Termen de valabilitate &#8211; 12 luni<\/li>\n<\/ul>\n","protected":false},"excerpt":{"rendered":"<p>Produc\u0103tor: VISKASE- FRANTA Diametrul p\u00e2lniei de umplere &#8211; 30 mm Diametrul de umplere al membranei &#8211; 47mm Consum &#8211; 0.5 ml membran\u0103 \/ 1 kg produs crud, consumul este estimativ Compozi\u021bie &#8211; celuloz\u0103, glicerin\u0103, ap\u0103 Termen de valabilitate &#8211; 12 luni<\/p>\n","protected":false},"featured_media":885,"template":"","meta":[],"product_brand":[],"product_cat":[21],"product_tag":[20,29],"class_list":{"0":"post-200","1":"product","2":"type-product","3":"status-publish","4":"has-post-thumbnail","6":"product_cat-membrane-salamuri","7":"product_tag-go-green","8":"product_tag-membrane-salamuri","10":"first","11":"instock","12":"shipping-taxable","13":"purchasable","14":"product-type-simple"},"_links":{"self":[{"href":"https:\/\/www.pioneergrup.ro\/magazin\/wp-json\/wp\/v2\/product\/200","targetHints":{"allow":["GET"]}}],"collection":[{"href":"https:\/\/www.pioneergrup.ro\/magazin\/wp-json\/wp\/v2\/product"}],"about":[{"href":"https:\/\/www.pioneergrup.ro\/magazin\/wp-json\/wp\/v2\/types\/product"}],"wp:featuredmedia":[{"embeddable":true,"href":"https:\/\/www.pioneergrup.ro\/magazin\/wp-json\/wp\/v2\/media\/885"}],"wp:attachment":[{"href":"https:\/\/www.pioneergrup.ro\/magazin\/wp-json\/wp\/v2\/media?parent=200"}],"wp:term":[{"taxonomy":"product_brand","embeddable":true,"href":"https:\/\/www.pioneergrup.ro\/magazin\/wp-json\/wp\/v2\/product_brand?post=200"},{"taxonomy":"product_cat","embeddable":true,"href":"https:\/\/www.pioneergrup.ro\/magazin\/wp-json\/wp\/v2\/product_cat?post=200"},{"taxonomy":"product_tag","embeddable":true,"href":"https:\/\/www.pioneergrup.ro\/magazin\/wp-json\/wp\/v2\/product_tag?post=200"}],"curies":[{"name":"wp","href":"https:\/\/api.w.org\/{rel}","templated":true}]}}