{"id":1857,"date":"2022-11-11T14:49:04","date_gmt":"2022-11-11T12:49:04","guid":{"rendered":"https:\/\/www.pioneergrup.ro\/magazin\/?post_type=product&#038;p=1857"},"modified":"2024-10-24T10:33:00","modified_gmt":"2024-10-24T07:33:00","slug":"cimbru-frunze-100-g-pe-punga","status":"publish","type":"product","link":"https:\/\/www.pioneergrup.ro\/magazin\/produs\/cimbru-frunze-100-g-pe-punga\/","title":{"rendered":"CIMBRU FRUNZE- 100 g pe pung\u0103"},"content":{"rendered":"<h3>Produc\u0103tor STIA &#8211; Rom\u00e2nia<\/h3>\n<ul>\n<li>Doza: 100 g<\/li>\n<li>Ingrediente:frunze cimbru<\/li>\n<li><strong>Nu con\u021bine sare, E-uri \u0219i MSG<\/strong><\/li>\n<li>Termen de valabilitate: 12 luni \u00een ambalaj original.<\/li>\n<li>A se utiliza \u00een maxim 30 zile de la deschidere.<\/li>\n<li>Ambalat \u00een pung\u0103 resigilabil\u0103.<\/li>\n<\/ul>\n","protected":false},"excerpt":{"rendered":"<p>Produc\u0103tor STIA &#8211; Rom\u00e2nia Doza: 100 g Ingrediente:frunze cimbru Nu con\u021bine sare, E-uri \u0219i MSG Termen de valabilitate: 12 luni \u00een ambalaj original. A se utiliza \u00een maxim 30 zile de la deschidere. Ambalat \u00een pung\u0103 resigilabil\u0103.<\/p>\n","protected":false},"featured_media":1848,"template":"","meta":[],"product_brand":[],"product_cat":[30],"product_tag":[31,27,29],"class_list":{"0":"post-1857","1":"product","2":"type-product","3":"status-publish","4":"has-post-thumbnail","6":"product_cat-amestecuri-de-condimente","7":"product_tag-amestecuri-de-condimente","8":"product_tag-membrane-carnati","9":"product_tag-membrane-salamuri","11":"first","12":"instock","13":"shipping-taxable","14":"purchasable","15":"product-type-simple"},"_links":{"self":[{"href":"https:\/\/www.pioneergrup.ro\/magazin\/wp-json\/wp\/v2\/product\/1857","targetHints":{"allow":["GET"]}}],"collection":[{"href":"https:\/\/www.pioneergrup.ro\/magazin\/wp-json\/wp\/v2\/product"}],"about":[{"href":"https:\/\/www.pioneergrup.ro\/magazin\/wp-json\/wp\/v2\/types\/product"}],"wp:featuredmedia":[{"embeddable":true,"href":"https:\/\/www.pioneergrup.ro\/magazin\/wp-json\/wp\/v2\/media\/1848"}],"wp:attachment":[{"href":"https:\/\/www.pioneergrup.ro\/magazin\/wp-json\/wp\/v2\/media?parent=1857"}],"wp:term":[{"taxonomy":"product_brand","embeddable":true,"href":"https:\/\/www.pioneergrup.ro\/magazin\/wp-json\/wp\/v2\/product_brand?post=1857"},{"taxonomy":"product_cat","embeddable":true,"href":"https:\/\/www.pioneergrup.ro\/magazin\/wp-json\/wp\/v2\/product_cat?post=1857"},{"taxonomy":"product_tag","embeddable":true,"href":"https:\/\/www.pioneergrup.ro\/magazin\/wp-json\/wp\/v2\/product_tag?post=1857"}],"curies":[{"name":"wp","href":"https:\/\/api.w.org\/{rel}","templated":true}]}}