{"id":135,"date":"2021-04-13T09:39:31","date_gmt":"2021-04-13T06:39:31","guid":{"rendered":"https:\/\/www.pioneergrup.ro\/magazin\/?post_type=product&#038;p=135"},"modified":"2025-08-05T11:05:41","modified_gmt":"2025-08-05T08:05:41","slug":"colagen-necomestibil-fabios-o50mm-neutru-10ml-pe-pachet","status":"publish","type":"product","link":"https:\/\/www.pioneergrup.ro\/magazin\/produs\/colagen-necomestibil-fabios-o50mm-neutru-10ml-pe-pachet\/","title":{"rendered":"COLAGEN NECOMESTIBIL FABIOS \u00d850mm NEUTRU\/10ML pe pachet"},"content":{"rendered":"<h3>Produc\u0103tor: FABIOS- POLONIA<\/h3>\n<ul>\n<li>Diametrul p\u00e2lnie de umplere &#8211; 30 mm<\/li>\n<li>Diametrul de umplere al membranei &#8211; 55 mm<\/li>\n<li>Consum &#8211; 0.5 ml membran\u0103 \/ 1 kg produs crud, consumul este estimativ<\/li>\n<li>Compozi\u021bie &#8211; colagen, ap\u0103, glicerin\u0103, celuloz\u0103, ulei vegetal<\/li>\n<li>Termen de valabilitate &#8211; 12 luni<\/li>\n<\/ul>\n","protected":false},"excerpt":{"rendered":"<p>Produc\u0103tor: FABIOS- POLONIA Diametrul p\u00e2lnie de umplere &#8211; 30 mm Diametrul de umplere al membranei &#8211; 55 mm Consum &#8211; 0.5 ml membran\u0103 \/ 1 kg produs crud, consumul este estimativ Compozi\u021bie &#8211; colagen, ap\u0103, glicerin\u0103, celuloz\u0103, ulei vegetal Termen de valabilitate &#8211; 12 luni<\/p>\n","protected":false},"featured_media":882,"template":"","meta":[],"product_brand":[],"product_cat":[21],"product_tag":[29],"class_list":{"0":"post-135","1":"product","2":"type-product","3":"status-publish","4":"has-post-thumbnail","6":"product_cat-membrane-salamuri","7":"product_tag-membrane-salamuri","9":"first","10":"instock","11":"featured","12":"shipping-taxable","13":"purchasable","14":"product-type-simple"},"_links":{"self":[{"href":"https:\/\/www.pioneergrup.ro\/magazin\/wp-json\/wp\/v2\/product\/135","targetHints":{"allow":["GET"]}}],"collection":[{"href":"https:\/\/www.pioneergrup.ro\/magazin\/wp-json\/wp\/v2\/product"}],"about":[{"href":"https:\/\/www.pioneergrup.ro\/magazin\/wp-json\/wp\/v2\/types\/product"}],"wp:featuredmedia":[{"embeddable":true,"href":"https:\/\/www.pioneergrup.ro\/magazin\/wp-json\/wp\/v2\/media\/882"}],"wp:attachment":[{"href":"https:\/\/www.pioneergrup.ro\/magazin\/wp-json\/wp\/v2\/media?parent=135"}],"wp:term":[{"taxonomy":"product_brand","embeddable":true,"href":"https:\/\/www.pioneergrup.ro\/magazin\/wp-json\/wp\/v2\/product_brand?post=135"},{"taxonomy":"product_cat","embeddable":true,"href":"https:\/\/www.pioneergrup.ro\/magazin\/wp-json\/wp\/v2\/product_cat?post=135"},{"taxonomy":"product_tag","embeddable":true,"href":"https:\/\/www.pioneergrup.ro\/magazin\/wp-json\/wp\/v2\/product_tag?post=135"}],"curies":[{"name":"wp","href":"https:\/\/api.w.org\/{rel}","templated":true}]}}